{"id":547,"date":"2014-07-06T13:12:52","date_gmt":"2014-07-06T13:12:52","guid":{"rendered":"http:\/\/www.cerra-wollstein.com\/?page_id=547"},"modified":"2024-07-17T12:40:29","modified_gmt":"2024-07-17T12:40:29","slug":"concursos-y-exposiciones","status":"publish","type":"page","link":"https:\/\/www.cerra-wollstein.com\/?page_id=547","title":{"rendered":"Concursos y Exposiciones"},"content":{"rendered":"<h3><\/h3>\n<h5 class=\"wp-block-heading\">THE AFFORDABLE ART FAIR<\/h5>\n<h3> <\/h3>\n<h5 class=\"wp-block-heading\">BATTERSEA AUTUMN 17 &#8211; 20 OCT 2019<\/h5>\n<h3> <\/h3>\n<figure class=\"wp-block-image\"><img loading=\"lazy\" decoding=\"async\" class=\"wp-image-1170\" src=\"https:\/\/www.cerra-wollstein.com\/wp-content\/uploads\/2019\/10\/Battersea-2.jpg\" alt=\"\" width=\"271\" height=\"407\" srcset=\"https:\/\/www.cerra-wollstein.com\/wp-content\/uploads\/2019\/10\/Battersea-2.jpg 400w, https:\/\/www.cerra-wollstein.com\/wp-content\/uploads\/2019\/10\/Battersea-2-200x300.jpg 200w, https:\/\/www.cerra-wollstein.com\/wp-content\/uploads\/2019\/10\/Battersea-2-304x456.jpg 304w\" sizes=\"(max-width: 271px) 100vw, 271px\" \/>\n<figcaption><br \/><br \/><\/figcaption>\n<\/figure>\n<h3> <\/h3>\n<figure class=\"wp-block-image\"><img loading=\"lazy\" decoding=\"async\" class=\"wp-image-1171\" src=\"https:\/\/www.cerra-wollstein.com\/wp-content\/uploads\/2019\/10\/Battersea-1.jpg\" alt=\"\" width=\"446\" height=\"285\" srcset=\"https:\/\/www.cerra-wollstein.com\/wp-content\/uploads\/2019\/10\/Battersea-1.jpg 780w, https:\/\/www.cerra-wollstein.com\/wp-content\/uploads\/2019\/10\/Battersea-1-300x192.jpg 300w, https:\/\/www.cerra-wollstein.com\/wp-content\/uploads\/2019\/10\/Battersea-1-768x491.jpg 768w, https:\/\/www.cerra-wollstein.com\/wp-content\/uploads\/2019\/10\/Battersea-1-304x194.jpg 304w\" sizes=\"(max-width: 446px) 100vw, 446px\" \/><\/figure>\n<h3><\/h3>\n<h3><em><strong>\u00abLa mar consciente\u00bb<\/strong><\/em><\/h3>\n<h4><strong>Exposici\u00f3n individual.<\/strong><\/h4>\n<h4><strong>Palacio de Valdecarzana. <\/strong><br \/><strong>Avil\u00e9s, Asturias<\/strong><\/h4>\n<h4><strong>Del 21 de agosto al 6 de septiembre de 2019<\/strong><\/h4>\n\n\n<\/h1>\n<ul class=\"wp-block-gallery columns-1 is-cropped wp-block-gallery-1 is-layout-flex wp-block-gallery-is-layout-flex\">\n \t<li class=\"blocks-gallery-item\">\n<figure><img loading=\"lazy\" decoding=\"async\" width=\"719\" height=\"1024\" class=\"wp-image-1144\" src=\"http:\/\/www.cerra-wollstein.com\/wp-content\/uploads\/2019\/07\/Cartel_J_L_Cerra-719x1024.jpg\" alt=\"\" data-id=\"1144\" data-link=\"http:\/\/www.cerra-wollstein.com\/?attachment_id=1144#main\" srcset=\"https:\/\/www.cerra-wollstein.com\/wp-content\/uploads\/2019\/07\/Cartel_J_L_Cerra-719x1024.jpg 719w, https:\/\/www.cerra-wollstein.com\/wp-content\/uploads\/2019\/07\/Cartel_J_L_Cerra-211x300.jpg 211w, https:\/\/www.cerra-wollstein.com\/wp-content\/uploads\/2019\/07\/Cartel_J_L_Cerra-768x1094.jpg 768w, https:\/\/www.cerra-wollstein.com\/wp-content\/uploads\/2019\/07\/Cartel_J_L_Cerra-304x433.jpg 304w, https:\/\/www.cerra-wollstein.com\/wp-content\/uploads\/2019\/07\/Cartel_J_L_Cerra.jpg 1037w\" sizes=\"(max-width: 719px) 100vw, 719px\" \/><\/figure>\n<\/li>\n<\/ul>\n<h1><\/h1>\n<h1><a href=\"http:\/\/www.cerra-wollstein.com\/wp-content\/uploads\/2015\/03\/descarga.png\"><img loading=\"lazy\" decoding=\"async\" class=\"alignnone size-full wp-image-1109\" src=\"http:\/\/www.cerra-wollstein.com\/wp-content\/uploads\/2015\/03\/descarga.png\" alt=\"\" width=\"225\" height=\"225\" srcset=\"https:\/\/www.cerra-wollstein.com\/wp-content\/uploads\/2015\/03\/descarga.png 225w, https:\/\/www.cerra-wollstein.com\/wp-content\/uploads\/2015\/03\/descarga-150x150.png 150w\" sizes=\"(max-width: 225px) 100vw, 225px\" \/><\/a><\/h1>\n<h1>\u00a0<a href=\"https:\/\/maps.google.com\/?q=140+Portobello+Road+%0D%0ALondon,+W11+2DZ&amp;entry=gmail&amp;source=g\" target=\"_blank\" rel=\"noopener noreferrer\" data-saferedirecturl=\"https:\/\/www.google.com\/url?hl=es&amp;q=https:\/\/maps.google.com\/?q%3D140%2BPortobello%2BRoad%2B%250D%250ALondon,%2BW11%2B2DZ%26entry%3Dgmail%26source%3Dg&amp;source=gmail&amp;ust=1528884621990000&amp;usg=AFQjCNFI1P7i5lPkle_6_2yvZTOvftB6kw\">140 Portobello Road<\/a><\/h1>\n<h1>London, W11 2DZ<\/h1>\n<h1><a href=\"http:\/\/www.eclecticgallery.co.uk\/\" target=\"_blank\" rel=\"noopener noreferrer\" data-saferedirecturl=\"https:\/\/www.google.com\/url?hl=es&amp;q=http:\/\/www.eclecticgallery.co.uk&amp;source=gmail&amp;ust=1528884621990000&amp;usg=AFQjCNFwH2hHRMh_J9PUm0feEcpR9tGQkQ\">www.eclecticgallery.co.uk<\/a><\/h1>\n<div>\n<div class=\"gmail_extra\">\n<div class=\"gmail_quote\">\n<div>Mobile: +44 (0) 7549 200 674\nPhone: +44 (0) 2078 512 777<\/div>\n<\/div>\n<\/div>\n<\/div>\n<h1><\/h1>\n<div><\/div>\n<h1><a href=\"http:\/\/www.cerra-wollstein.com\/wp-content\/uploads\/2015\/03\/212-4888-original1.jpg\"><img loading=\"lazy\" decoding=\"async\" title=\"212-4888-original\" src=\"http:\/\/www.cerra-wollstein.com\/wp-content\/uploads\/2015\/03\/212-4888-original1.jpg\" alt=\"\" width=\"190\" height=\"160\" \/><\/a><\/h1>\n<a href=\"http:\/\/www.cerra-wollstein.com\/wp-content\/uploads\/2015\/03\/2017-02-05-PHOTO-00007452-b.jpg\"><img loading=\"lazy\" decoding=\"async\" title=\"2017-02-05-PHOTO-00007452-b\" src=\"http:\/\/www.cerra-wollstein.com\/wp-content\/uploads\/2015\/03\/2017-02-05-PHOTO-00007452-b-206x300.jpg\" alt=\"\" width=\"206\" height=\"300\" \/><\/a>\n<h1>GALERIE KNUD GROTHE<\/h1>\n<h2>J\u00e6gersborg Alle 11<\/h2>\n<h2>2920 Charlottenlund.<\/h2>\n<h2>Dinamarca \/Denmark<\/h2>\n<h1><\/h1>\n<h1><a href=\"http:\/\/www.cerra-wollstein.com\/wp-content\/uploads\/2014\/07\/logo_alvargonzalez_sm.png\"><img loading=\"lazy\" decoding=\"async\" class=\"alignnone size-full wp-image-1106\" src=\"http:\/\/www.cerra-wollstein.com\/wp-content\/uploads\/2014\/07\/logo_alvargonzalez_sm.png\" alt=\"\" width=\"276\" height=\"151\" \/><\/a><\/h1>\n<h2>FUNDACI\u00d3N ALVARGONZ\u00c1LEZ<\/h2>\n<h2>17-31 Marzo\/March 2017<\/h2>\n<h2>Claudio Alvargonz\u00e1lez, 16,1\u00ba<\/h2>\n<h2>33201 Cimadevilla &#8211; Gij\u00f3n<\/h2>\n<h2>Asturias &#8211; Espa\u00f1a\/Spain<\/h2>\n<a href=\"http:\/\/www.gallerioxholm.dk\/\"><img decoding=\"async\" src=\"http:\/\/www.2700-netavisen.dk\/wp-content\/uploads\/2014\/02\/galleri-oxholm.png\" alt=\"\" \/><\/a><a href=\"http:\/\/www.cerra-wollstein.com\/wp-content\/uploads\/2015\/03\/oxholm-b1.jpg\"><img loading=\"lazy\" decoding=\"async\" title=\"oxholm-b\" src=\"http:\/\/www.cerra-wollstein.com\/wp-content\/uploads\/2015\/03\/oxholm-b1.jpg\" alt=\"\" width=\"541\" height=\"122\" \/><\/a>\n<div>\n<h1>GALLERI OXHOLM<\/h1>\n<h2>Pile Alle 25<\/h2>\n<h2>2000 Frederiksberg, Copenague.<\/h2>\n<h2>Dinamarca \/Denmark<\/h2>\n<\/div>\n<h1><a href=\"http:\/\/www.cerra-wollstein.com\/wp-content\/uploads\/2015\/03\/212-4888-original1.jpg\"><img loading=\"lazy\" decoding=\"async\" title=\"212-4888-original\" src=\"http:\/\/www.cerra-wollstein.com\/wp-content\/uploads\/2015\/03\/212-4888-original1.jpg\" alt=\"\" width=\"190\" height=\"160\" \/><\/a><\/h1>\n<a href=\"http:\/\/www.cerra-wollstein.com\/wp-content\/uploads\/2015\/03\/2017-02-05-PHOTO-00007452-b.jpg\"><img loading=\"lazy\" decoding=\"async\" title=\"2017-02-05-PHOTO-00007452-b\" src=\"http:\/\/www.cerra-wollstein.com\/wp-content\/uploads\/2015\/03\/2017-02-05-PHOTO-00007452-b-206x300.jpg\" alt=\"\" width=\"206\" height=\"300\" \/><\/a>\n<h1>GALERIE KNUD GROTHE<\/h1>\n<h2>1-19 febrero\/February 2017<\/h2>\n<h2>J\u00e6gersborg Alle 11<\/h2>\n<h2>2920 Charlottenlund.<\/h2>\n<h2>Dinamarca \/Denmark<\/h2>\n<a href=\"http:\/\/www.cerra-wollstein.com\/wp-content\/uploads\/2015\/03\/LOGO-FORC2.jpg\"><img loading=\"lazy\" decoding=\"async\" title=\"LOGO-FORC\" src=\"http:\/\/www.cerra-wollstein.com\/wp-content\/uploads\/2015\/03\/LOGO-FORC2-1024x393.jpg\" alt=\"\" width=\"614\" height=\"236\" \/><\/a>\n<h1><\/h1>\n<h1>FORCE Technology<\/h1>\n<h3>\u00a03 -10\/30-11 &#8211; 2016<\/h3>\nHjortek\u00e6rsvej 99\n2800 Kgs. Lyngby\nDinamarca\/Denmark\n<h3>\u00a0<a href=\"http:\/\/www.cerra-wollstein.com\/wp-content\/uploads\/2015\/03\/feria-de-arte-de-san-Sebastian.jpg\"><img loading=\"lazy\" decoding=\"async\" title=\"feria de arte de san Sebastian\" src=\"http:\/\/www.cerra-wollstein.com\/wp-content\/uploads\/2015\/03\/feria-de-arte-de-san-Sebastian-300x239.jpg\" alt=\"\" width=\"300\" height=\"239\" \/><\/a><\/h3>\nIII Feria internacional de Arte Contemporaneo. San Sebastian, Guipuzcoa, Espa\u00f1a.\n<h3>III INTERNATIONAL CONTEMPORARY ART FAIR DONOSTIARTEAN<\/h3>\n<h4>FROM 12 TO 15 OF MAY 2016<\/h4>\nDONOSTIARTEAN in San Sebastian 2016, European Capital of Culture\n<h3>Kursaal Convention Palace<\/h3>\n<address>Avda. de Zurriola 1 | 20002 Donostia | San Sebasti\u00e1n<\/address><address>\u00a0<\/address><address>\u00a0<\/address><a href=\"http:\/\/www.cerra-wollstein.com\/wp-content\/uploads\/2014\/07\/Alemi.jpg\"><img loading=\"lazy\" decoding=\"async\" class=\"alignnone size-full wp-image-804\" title=\"Alemi\" src=\"http:\/\/www.cerra-wollstein.com\/wp-content\/uploads\/2014\/07\/Alemi.jpg\" alt=\"\" width=\"186\" height=\"98\" \/><\/a>\nExposici\u00f3n colectiva. Galer\u00eda Alemi, Le\u00f3n, Espa\u00f1a. Abril, 2016.\n<h4>&#8211;\u00a0<strong>Exposici\u00f3n colectiva<\/strong><\/h4>\n<div><a href=\"http:\/\/www.cerra-wollstein.com\/wp-content\/uploads\/2015\/03\/Captura.jpg\"><img loading=\"lazy\" decoding=\"async\" title=\"Captura\" src=\"http:\/\/www.cerra-wollstein.com\/wp-content\/uploads\/2015\/03\/Captura.jpg\" alt=\"\" width=\"187\" height=\"132\" \/><\/a><\/div>\n<div>\n<strong>Galeria Arte Algarve\n<\/strong>\nJulio-Agosto-Septiembre 2015\n8400-395 Lagoa\/Portugal\n<\/div>\n<a href=\"http:\/\/www.cerra-wollstein.com\/wp-content\/uploads\/2014\/07\/Delantera-Flyer-exposicion-Navia.jpg\"><img loading=\"lazy\" decoding=\"async\" class=\"alignnone size-medium wp-image-748\" title=\"Delantera Flyer exposicion Navia\" src=\"http:\/\/www.cerra-wollstein.com\/wp-content\/uploads\/2014\/07\/Delantera-Flyer-exposicion-Navia-300x210.jpg\" alt=\"\" width=\"300\" height=\"210\" srcset=\"https:\/\/www.cerra-wollstein.com\/wp-content\/uploads\/2014\/07\/Delantera-Flyer-exposicion-Navia-300x210.jpg 300w, https:\/\/www.cerra-wollstein.com\/wp-content\/uploads\/2014\/07\/Delantera-Flyer-exposicion-Navia-304x213.jpg 304w, https:\/\/www.cerra-wollstein.com\/wp-content\/uploads\/2014\/07\/Delantera-Flyer-exposicion-Navia.jpg 960w\" sizes=\"(max-width: 300px) 100vw, 300px\" \/><\/a>\nExposici\u00f3n individual en el centro cultural \u201cLiceo\u201d de Navia. Marzo de 2015.\n<a href=\"http:\/\/www.cerra-wollstein.com\/wp-content\/uploads\/2014\/07\/Exposici\u00f3n-individual.-Vila-Vita-Spa-Hotel-Resort-Porches-El-Algarve-Portugal.-Julio-\u2013-agosto-de-2014-peq1.jpg\"><img loading=\"lazy\" decoding=\"async\" class=\"alignnone size-medium wp-image-642\" title=\"Exposici\u00f3n individual. Vila Vita Spa Hotel Resort- Porches, El Algarve, Portugal. Julio \u2013 agosto de 2014-peq\" src=\"http:\/\/www.cerra-wollstein.com\/wp-content\/uploads\/2014\/07\/Exposici\u00f3n-individual.-Vila-Vita-Spa-Hotel-Resort-Porches-El-Algarve-Portugal.-Julio-\u2013-agosto-de-2014-peq1-291x300.jpg\" alt=\"\" width=\"291\" height=\"300\" srcset=\"https:\/\/www.cerra-wollstein.com\/wp-content\/uploads\/2014\/07\/Exposici\u00f3n-individual.-Vila-Vita-Spa-Hotel-Resort-Porches-El-Algarve-Portugal.-Julio-\u2013-agosto-de-2014-peq1-291x300.jpg 291w, https:\/\/www.cerra-wollstein.com\/wp-content\/uploads\/2014\/07\/Exposici\u00f3n-individual.-Vila-Vita-Spa-Hotel-Resort-Porches-El-Algarve-Portugal.-Julio-\u2013-agosto-de-2014-peq1-304x313.jpg 304w, https:\/\/www.cerra-wollstein.com\/wp-content\/uploads\/2014\/07\/Exposici\u00f3n-individual.-Vila-Vita-Spa-Hotel-Resort-Porches-El-Algarve-Portugal.-Julio-\u2013-agosto-de-2014-peq1.jpg 827w\" sizes=\"(max-width: 291px) 100vw, 291px\" \/><\/a>\nExposici\u00f3n individual. \u201cVila Vita Spa Hotel Resort\u201d- Porches, El Algarve, Portugal. Julio \u2013 agosto de 2014\n&#8211; (\u00a0http:\/\/www.algarlife.com\/vila-vita-parc-expoe-obras-de-jose-luis-cerra-wollstein\/ )\n&#8211; ( http:\/\/portugalconfidential.com\/2014\/07\/seascapes-by-jose-luis-cerra-wollstein-vila-vita-parc-through-15-august\/)\nObra expuesta en el Sinagoglu-Harbrecht Praxis. Marburg.\nSeleccionado en la 8\u00aa edici\u00f3n del concurso de pintura \u201cVirgen del Carmen\u201d. Ministerio de Defensa. Museo Naval de Madrid.\n<a href=\"http:\/\/www.cerra-wollstein.com\/wp-content\/uploads\/2014\/07\/P\u00e1gina-Movistar1.jpg\"><img loading=\"lazy\" decoding=\"async\" class=\"alignnone size-medium wp-image-598\" title=\"\u201cNuevos talentos\u201d Espacio Movistar \" src=\"http:\/\/www.cerra-wollstein.com\/wp-content\/uploads\/2014\/07\/P\u00e1gina-Movistar1-146x300.jpg\" alt=\"\" width=\"146\" height=\"300\" \/><\/a>\nObra en la secci\u00f3n de Arte de Movistar.com. \u201cNuevos talentos\u201d Espacio Movistar (www.arte.movistar.es\/ talentos.php )\nSeleccionado en la 6\u00aa edici\u00f3n del concurso de pintura \u201cVirgen del Carmen\u201d. Ministerio de Defensa. Museo Naval de Madrid.\nSeleccionado en la 5\u00aa edici\u00f3n del concurso de pintura \u201cVirgen del Carmen\u201d. Ministerio de Defensa. Museo Naval de Madrid.\n<a href=\"http:\/\/www.cerra-wollstein.com\/wp-content\/uploads\/2014\/07\/Exposici\u00f3n-J\u00f3venes-valores-del-Arte-contempor\u00e1neo-copia.jpg\"><img loading=\"lazy\" decoding=\"async\" class=\"alignnone size-medium wp-image-643\" title=\"Exposici\u00f3n J\u00f3venes valores del Arte contempor\u00e1neo copia\" src=\"http:\/\/www.cerra-wollstein.com\/wp-content\/uploads\/2014\/07\/Exposici\u00f3n-J\u00f3venes-valores-del-Arte-contempor\u00e1neo-copia-155x300.jpg\" alt=\"\" width=\"155\" height=\"300\" srcset=\"https:\/\/www.cerra-wollstein.com\/wp-content\/uploads\/2014\/07\/Exposici\u00f3n-J\u00f3venes-valores-del-Arte-contempor\u00e1neo-copia-155x300.jpg 155w, https:\/\/www.cerra-wollstein.com\/wp-content\/uploads\/2014\/07\/Exposici\u00f3n-J\u00f3venes-valores-del-Arte-contempor\u00e1neo-copia-529x1024.jpg 529w, https:\/\/www.cerra-wollstein.com\/wp-content\/uploads\/2014\/07\/Exposici\u00f3n-J\u00f3venes-valores-del-Arte-contempor\u00e1neo-copia-304x587.jpg 304w, https:\/\/www.cerra-wollstein.com\/wp-content\/uploads\/2014\/07\/Exposici\u00f3n-J\u00f3venes-valores-del-Arte-contempor\u00e1neo-copia.jpg 1181w\" sizes=\"(max-width: 155px) 100vw, 155px\" \/><\/a>\nExposici\u00f3n \u201cJ\u00f3venes valores del Arte contempor\u00e1neo\u201d. Galer\u00eda de Arte Van Dyck, Gij\u00f3n, Mayo de 2006\n&#8211;\u00a0( http:\/\/www.elcomercio.es\/pg060401\/prensa\/noticias\/Sociedad\/200604\/01\/GIJ-SOC-163.html )\n<a href=\"http:\/\/www.cerra-wollstein.com\/wp-content\/uploads\/2014\/07\/vila-vita-21.jpg\"><img loading=\"lazy\" decoding=\"async\" class=\"alignnone size-medium wp-image-592\" title=\"Exposici\u00f3n individual. \u201cVila Vita Spa Hotel Resort\u201d- Porches, El Algarve, Portugal. Julio \u2013 septiembre de 2005\" src=\"http:\/\/www.cerra-wollstein.com\/wp-content\/uploads\/2014\/07\/vila-vita-21-214x300.jpg\" alt=\"\" width=\"214\" height=\"300\" \/><\/a>\nExposici\u00f3n individual. \u201cVila Vita Spa Hotel Resort\u201d- Porches, El Algarve, Portugal. Julio \u2013 septiembre de 2005\n<a href=\"http:\/\/www.cerra-wollstein.com\/wp-content\/uploads\/2014\/07\/catalogo-van-dick2.jpg\"><img loading=\"lazy\" decoding=\"async\" class=\"alignnone size-medium wp-image-640\" title=\"catalogo van dick\" src=\"http:\/\/www.cerra-wollstein.com\/wp-content\/uploads\/2014\/07\/catalogo-van-dick2-155x300.jpg\" alt=\"\" width=\"155\" height=\"300\" srcset=\"https:\/\/www.cerra-wollstein.com\/wp-content\/uploads\/2014\/07\/catalogo-van-dick2-155x300.jpg 155w, https:\/\/www.cerra-wollstein.com\/wp-content\/uploads\/2014\/07\/catalogo-van-dick2-304x586.jpg 304w, https:\/\/www.cerra-wollstein.com\/wp-content\/uploads\/2014\/07\/catalogo-van-dick2.jpg 429w\" sizes=\"(max-width: 155px) 100vw, 155px\" \/><\/a>\nExposici\u00f3n \u201cJ\u00f3venes valores de la pintura contempor\u00e1nea\u201d. Galer\u00eda de Arte Van Dyck, Gij\u00f3n, Mayo de 2005\n<a href=\"http:\/\/www.cerra-wollstein.com\/wp-content\/uploads\/2014\/07\/navia2.jpg\"><img loading=\"lazy\" decoding=\"async\" class=\"alignnone size-medium wp-image-645\" title=\"navia\" src=\"http:\/\/www.cerra-wollstein.com\/wp-content\/uploads\/2014\/07\/navia2-160x300.jpg\" alt=\"\" width=\"160\" height=\"300\" srcset=\"https:\/\/www.cerra-wollstein.com\/wp-content\/uploads\/2014\/07\/navia2-160x300.jpg 160w, https:\/\/www.cerra-wollstein.com\/wp-content\/uploads\/2014\/07\/navia2.jpg 498w\" sizes=\"(max-width: 160px) 100vw, 160px\" \/><\/a>\nExposici\u00f3n con Paco Sanchidri\u00e1n. Centro cultural\u00bbCasino de Navia\u00bb. Navia, Asturias. Espa\u00f1a Abril de 2004.\nExposici\u00f3n individual did\u00e1ctica en en el I.E.S. \u201cBernaldo de Quir\u00f3s\u201d, Mieres, Asturias, Espa\u00f1a. Abril, 2003\nCartel de las fiestas patronales de Puerto de Vega (Asturias). Julio de 2003.\n<a href=\"http:\/\/www.cerra-wollstein.com\/wp-content\/uploads\/2014\/07\/Cartel-para-las-fiestas-de-Navia-20022.jpg\"><img loading=\"lazy\" decoding=\"async\" class=\"alignnone size-medium wp-image-639\" title=\"Cartel para las fiestas de Navia-2002\" src=\"http:\/\/www.cerra-wollstein.com\/wp-content\/uploads\/2014\/07\/Cartel-para-las-fiestas-de-Navia-20022-300x149.jpg\" alt=\"\" width=\"300\" height=\"149\" srcset=\"https:\/\/www.cerra-wollstein.com\/wp-content\/uploads\/2014\/07\/Cartel-para-las-fiestas-de-Navia-20022-300x149.jpg 300w, https:\/\/www.cerra-wollstein.com\/wp-content\/uploads\/2014\/07\/Cartel-para-las-fiestas-de-Navia-20022-1024x510.jpg 1024w, https:\/\/www.cerra-wollstein.com\/wp-content\/uploads\/2014\/07\/Cartel-para-las-fiestas-de-Navia-20022-304x151.jpg 304w\" sizes=\"(max-width: 300px) 100vw, 300px\" \/><\/a>\nCartel de las fiestas patronales de Navia (Asturias). Mayo-junio de 2002\nSeleccionado en la 3\u00aa edici\u00f3n del concurso de pintura \u201cHospital de Cabue\u00f1es\u201d (Gij\u00f3n, Asturias). Abril de 2002\n<a href=\"http:\/\/www.cerra-wollstein.com\/wp-content\/uploads\/2014\/07\/Exposici\u00f3n-personal-peq.jpg\"><img loading=\"lazy\" decoding=\"async\" class=\"alignnone size-medium wp-image-584\" title=\"Exposici\u00f3n personal peq\" src=\"http:\/\/www.cerra-wollstein.com\/wp-content\/uploads\/2014\/07\/Exposici\u00f3n-personal-peq-300x210.jpg\" alt=\"\" width=\"300\" height=\"210\" \/><\/a>\nExposici\u00f3n individual \u00a0\u00abDe rebus pictorae\u00bb\u00a0. Sala de C\u00faltura de Puerto de Vega, Navia, Asturias. Julio &#8211; Agosto de 2001\nExposici\u00f3n colectiva en \u00abKen\u00b4s art gallery\u00bb, Florencia, Italia. Marzo-Julio 2001\nExposici\u00f3n de los alumnos Erasmus de Bellas Artes (UPV-EHU) de la Universidad del Pa\u00eds Vasco en la Sala Araba de Vitoria, Alava, Espa\u00f1a. Mayo-Junio 2001\n<a href=\"http:\/\/www.cerra-wollstein.com\/wp-content\/uploads\/2014\/07\/Exposici\u00f3n-colectiva-Al-borde-del-abismo-.-Sala-Juan-Larrea.-Bilbao-Espa\u00f1a.jpg\"><img loading=\"lazy\" decoding=\"async\" class=\"alignnone size-medium wp-image-588\" title=\"Exposici\u00f3n colectiva -Al borde del abismo-. Sala Juan Larrea. Bilbao, Espa\u00f1a\" src=\"http:\/\/www.cerra-wollstein.com\/wp-content\/uploads\/2014\/07\/Exposici\u00f3n-colectiva-Al-borde-del-abismo-.-Sala-Juan-Larrea.-Bilbao-Espa\u00f1a-300x210.jpg\" alt=\"\" width=\"300\" height=\"210\" \/><\/a>\nExposici\u00f3n colectiva \u00abAl borde del abismo\u00bb. Sala Juan Larrea. Bilbao, Espa\u00f1a. Noviembre de 2000\n<a href=\"http:\/\/www.cerra-wollstein.com\/wp-content\/uploads\/2014\/07\/Floating-gardens1.jpg\"><img loading=\"lazy\" decoding=\"async\" title=\"Floating gardens project\" src=\"http:\/\/www.cerra-wollstein.com\/wp-content\/uploads\/2014\/07\/Floating-gardens1-300x203.jpg\" alt=\"\" width=\"300\" height=\"203\" \/><\/a>\nSeleccionado para el proyecto de escultura medioambiental \u201cKelluvat puutarhat- Floating gardens\u201d , dirigido por el escultor finland\u00e9s Marku Hakkuri y subvencionado por la Comunidad Europea, para las celebraciones de \u201cHelsinki-2000, Capital europea de la Cultura\u201d\n<a href=\"http:\/\/www.cerra-wollstein.com\/wp-content\/uploads\/2014\/07\/Cartel-Finlandia2.jpg\"><img loading=\"lazy\" decoding=\"async\" class=\"alignnone size-medium wp-image-648\" title=\"Cartel Finlandia\" src=\"http:\/\/www.cerra-wollstein.com\/wp-content\/uploads\/2014\/07\/Cartel-Finlandia2-300x249.jpg\" alt=\"\" width=\"300\" height=\"249\" \/><\/a>\n","protected":false},"excerpt":{"rendered":"<p>THE AFFORDABLE ART FAIR BATTERSEA AUTUMN 17 &#8211; 20 OCT 2019 \u00abLa mar consciente\u00bb Exposici\u00f3n individual. Palacio de Valdecarzana. Avil\u00e9s, Asturias Del 21 de agosto al 6 de septiembre de 2019<\/p>\n","protected":false},"author":1,"featured_media":0,"parent":0,"menu_order":0,"comment_status":"closed","ping_status":"closed","template":"","meta":{"footnotes":""},"class_list":["post-547","page","type-page","status-publish","hentry"],"_links":{"self":[{"href":"https:\/\/www.cerra-wollstein.com\/index.php?rest_route=\/wp\/v2\/pages\/547"}],"collection":[{"href":"https:\/\/www.cerra-wollstein.com\/index.php?rest_route=\/wp\/v2\/pages"}],"about":[{"href":"https:\/\/www.cerra-wollstein.com\/index.php?rest_route=\/wp\/v2\/types\/page"}],"author":[{"embeddable":true,"href":"https:\/\/www.cerra-wollstein.com\/index.php?rest_route=\/wp\/v2\/users\/1"}],"replies":[{"embeddable":true,"href":"https:\/\/www.cerra-wollstein.com\/index.php?rest_route=%2Fwp%2Fv2%2Fcomments&post=547"}],"version-history":[{"count":37,"href":"https:\/\/www.cerra-wollstein.com\/index.php?rest_route=\/wp\/v2\/pages\/547\/revisions"}],"predecessor-version":[{"id":1280,"href":"https:\/\/www.cerra-wollstein.com\/index.php?rest_route=\/wp\/v2\/pages\/547\/revisions\/1280"}],"wp:attachment":[{"href":"https:\/\/www.cerra-wollstein.com\/index.php?rest_route=%2Fwp%2Fv2%2Fmedia&parent=547"}],"curies":[{"name":"wp","href":"https:\/\/api.w.org\/{rel}","templated":true}]}}